{"id":92,"date":"2012-11-13T20:35:04","date_gmt":"2012-11-13T20:35:04","guid":{"rendered":"http:\/\/cesf.cl\/wordpress\/?page_id=92"},"modified":"2025-12-10T11:24:42","modified_gmt":"2025-12-10T15:24:42","slug":"contacto","status":"publish","type":"page","link":"https:\/\/cesf.cl\/sitio1\/contacto\/","title":{"rendered":"Contacto"},"content":{"rendered":"<h3 style=\"text-align: center;\"><span style=\"color: #ff6600;\"><strong>\u00bfD\u00d3nde estamos?:<\/strong><\/span><\/h3>\n<p><strong>** Direcci\u00f3n: Las Achiras 420 Puente Alto **<\/strong><\/p>\n<p><strong>Tel\u00e9fono: <span style=\"color: #ff6600;\">Red Fija:<\/span> +56228723428<\/strong><\/p>\n<p>Adem\u00e1s!, Si necesita atenci\u00f3n en las siguientes \u00e1reas nos puede escribir:<\/p>\n<ul>\n<li><span style=\"color: #ff6600;\"><strong>Convivencia Escolar:<\/strong><\/span> convivenciaescolar@cesf.cl \/ inspectoria@cesf.cl<\/li>\n<li><strong><span style=\"color: #ff6600;\">Actividades de orientaci\u00f3n educacional:<\/span><\/strong> psicologia@cesf.cl<\/li>\n<li><span style=\"color: #ff6600;\"><strong>Consultas y dudas administrativas:<\/strong><\/span> administracion@cesf.cl:<\/li>\n<\/ul>\n<h4>Google Map:<br \/>\n<code><a href=\"http:\/\/cesf.cl\/wordpress\/wp-content\/uploads\/2014\/08\/las-achiras-440.jpg\"><img loading=\"lazy\" decoding=\"async\" class=\"alignleft size-full wp-image-921\" src=\"http:\/\/cesf.cl\/wordpress\/wp-content\/uploads\/2014\/08\/las-achiras-440.jpg\" alt=\"las achiras 440\" width=\"518\" height=\"328\" srcset=\"https:\/\/cesf.cl\/sitio1\/wp-content\/uploads\/2014\/08\/las-achiras-440.jpg 518w, https:\/\/cesf.cl\/sitio1\/wp-content\/uploads\/2014\/08\/las-achiras-440-300x190.jpg 300w\" sizes=\"auto, (max-width: 518px) 100vw, 518px\" \/><\/a><\/code><\/h4>\n<p>&nbsp;<\/p>\n<p>&nbsp;<\/p>\n<p>&nbsp;<\/p>\n","protected":false},"excerpt":{"rendered":"<p>\u00bfD\u00d3nde estamos?: ** Direcci\u00f3n: Las Achiras 420 Puente Alto ** Tel\u00e9fono: Red Fija: +56228723428 Adem\u00e1s!, Si necesita atenci\u00f3n en las siguientes \u00e1reas nos puede escribir: Convivencia Escolar: convivenciaescolar@cesf.cl \/ inspectoria@cesf.cl Actividades de orientaci\u00f3n educacional: psicologia@cesf.cl Consultas y dudas administrativas: administracion@cesf.cl: Google Map: &nbsp; &nbsp; &nbsp;<\/p>\n","protected":false},"author":1,"featured_media":0,"parent":0,"menu_order":0,"comment_status":"closed","ping_status":"closed","template":"","meta":{"footnotes":""},"class_list":["post-92","page","type-page","status-publish","hentry"],"_links":{"self":[{"href":"https:\/\/cesf.cl\/sitio1\/wp-json\/wp\/v2\/pages\/92","targetHints":{"allow":["GET"]}}],"collection":[{"href":"https:\/\/cesf.cl\/sitio1\/wp-json\/wp\/v2\/pages"}],"about":[{"href":"https:\/\/cesf.cl\/sitio1\/wp-json\/wp\/v2\/types\/page"}],"author":[{"embeddable":true,"href":"https:\/\/cesf.cl\/sitio1\/wp-json\/wp\/v2\/users\/1"}],"replies":[{"embeddable":true,"href":"https:\/\/cesf.cl\/sitio1\/wp-json\/wp\/v2\/comments?post=92"}],"version-history":[{"count":21,"href":"https:\/\/cesf.cl\/sitio1\/wp-json\/wp\/v2\/pages\/92\/revisions"}],"predecessor-version":[{"id":7233,"href":"https:\/\/cesf.cl\/sitio1\/wp-json\/wp\/v2\/pages\/92\/revisions\/7233"}],"wp:attachment":[{"href":"https:\/\/cesf.cl\/sitio1\/wp-json\/wp\/v2\/media?parent=92"}],"curies":[{"name":"wp","href":"https:\/\/api.w.org\/{rel}","templated":true}]}}