{"id":7320,"date":"2026-03-31T13:52:48","date_gmt":"2026-03-31T17:52:48","guid":{"rendered":"https:\/\/cesf.cl\/sitio1\/?page_id=7320"},"modified":"2026-03-31T14:03:26","modified_gmt":"2026-03-31T18:03:26","slug":"primera-reunion-de-apoderados-2026","status":"publish","type":"page","link":"https:\/\/cesf.cl\/sitio1\/primera-reunion-de-apoderados-2026\/","title":{"rendered":"Primera Reuni\u00f3n de Apoderados 2026"},"content":{"rendered":"<p><span style=\"font-size: 12pt;\">Estimada comunidad, junto con saludarles, informamos a detalle la pr\u00f3xima <strong>Reuni\u00f3n de Apoderados<\/strong> a celebrarse los d\u00edas <strong>07 y 09 <\/strong>del mes de <strong>abril.<\/strong><\/span><\/p>\n<p><span style=\"font-size: 12pt;\">Invitamos cordialmente a todos los apoderados de acuerdo al siguiente calendario, asistir con la puntualidad que amerita dicha actividad:<\/span><\/p>\n<p><img loading=\"lazy\" decoding=\"async\" class=\"aligncenter size-full wp-image-7321\" src=\"https:\/\/cesf.cl\/sitio1\/wp-content\/uploads\/2026\/03\/1era-Reunion-de-apoderados.png\" alt=\"\" width=\"1174\" height=\"680\" srcset=\"https:\/\/cesf.cl\/sitio1\/wp-content\/uploads\/2026\/03\/1era-Reunion-de-apoderados.png 1174w, https:\/\/cesf.cl\/sitio1\/wp-content\/uploads\/2026\/03\/1era-Reunion-de-apoderados-300x174.png 300w, https:\/\/cesf.cl\/sitio1\/wp-content\/uploads\/2026\/03\/1era-Reunion-de-apoderados-1024x593.png 1024w, https:\/\/cesf.cl\/sitio1\/wp-content\/uploads\/2026\/03\/1era-Reunion-de-apoderados-768x445.png 768w\" sizes=\"auto, (max-width: 1174px) 100vw, 1174px\" \/><\/p>\n<p>&nbsp;<\/p>\n","protected":false},"excerpt":{"rendered":"<p>Estimada comunidad, junto con saludarles, informamos a detalle la pr\u00f3xima Reuni\u00f3n de Apoderados a celebrarse los d\u00edas 07 y 09 del mes de abril. Invitamos cordialmente a todos los apoderados de acuerdo al siguiente calendario, asistir con la puntualidad que amerita dicha actividad: &nbsp;<\/p>\n","protected":false},"author":3,"featured_media":7156,"parent":0,"menu_order":0,"comment_status":"closed","ping_status":"closed","template":"","meta":{"footnotes":""},"class_list":["post-7320","page","type-page","status-publish","has-post-thumbnail","hentry"],"_links":{"self":[{"href":"https:\/\/cesf.cl\/sitio1\/wp-json\/wp\/v2\/pages\/7320","targetHints":{"allow":["GET"]}}],"collection":[{"href":"https:\/\/cesf.cl\/sitio1\/wp-json\/wp\/v2\/pages"}],"about":[{"href":"https:\/\/cesf.cl\/sitio1\/wp-json\/wp\/v2\/types\/page"}],"author":[{"embeddable":true,"href":"https:\/\/cesf.cl\/sitio1\/wp-json\/wp\/v2\/users\/3"}],"replies":[{"embeddable":true,"href":"https:\/\/cesf.cl\/sitio1\/wp-json\/wp\/v2\/comments?post=7320"}],"version-history":[{"count":2,"href":"https:\/\/cesf.cl\/sitio1\/wp-json\/wp\/v2\/pages\/7320\/revisions"}],"predecessor-version":[{"id":7323,"href":"https:\/\/cesf.cl\/sitio1\/wp-json\/wp\/v2\/pages\/7320\/revisions\/7323"}],"wp:featuredmedia":[{"embeddable":true,"href":"https:\/\/cesf.cl\/sitio1\/wp-json\/wp\/v2\/media\/7156"}],"wp:attachment":[{"href":"https:\/\/cesf.cl\/sitio1\/wp-json\/wp\/v2\/media?parent=7320"}],"curies":[{"name":"wp","href":"https:\/\/api.w.org\/{rel}","templated":true}]}}