{"id":6772,"date":"2024-03-14T17:12:04","date_gmt":"2024-03-14T21:12:04","guid":{"rendered":"https:\/\/cesf.cl\/sitio1\/?page_id=6772"},"modified":"2024-03-15T08:37:30","modified_gmt":"2024-03-15T12:37:30","slug":"horario-de-clases-2024","status":"publish","type":"page","link":"https:\/\/cesf.cl\/sitio1\/horario-de-clases-2024\/","title":{"rendered":"Horario de Clases 2024:"},"content":{"rendered":"<h3 style=\"text-align: center;\"><strong>Ense\u00f1anza Pre-Escolar:<\/strong><\/h3>\n<p><strong><span style=\"color: #ff6600;\">PreK\u00ednder<\/span><\/strong><\/p>\n<p><img loading=\"lazy\" decoding=\"async\" class=\"aligncenter size-full wp-image-6813\" src=\"https:\/\/cesf.cl\/sitio1\/wp-content\/uploads\/2024\/03\/prekinder2024_.png\" alt=\"\" width=\"1024\" height=\"505\" srcset=\"https:\/\/cesf.cl\/sitio1\/wp-content\/uploads\/2024\/03\/prekinder2024_.png 1024w, https:\/\/cesf.cl\/sitio1\/wp-content\/uploads\/2024\/03\/prekinder2024_-300x148.png 300w, https:\/\/cesf.cl\/sitio1\/wp-content\/uploads\/2024\/03\/prekinder2024_-768x379.png 768w\" sizes=\"auto, (max-width: 1024px) 100vw, 1024px\" \/><\/p>\n<p>&nbsp;<\/p>\n<p><strong><span style=\"color: #ff6600;\">K\u00ednder<\/span><\/strong><\/p>\n<h3 style=\"text-align: center;\"><\/h3>\n<p><img loading=\"lazy\" decoding=\"async\" class=\"aligncenter size-full wp-image-6812\" src=\"https:\/\/cesf.cl\/sitio1\/wp-content\/uploads\/2024\/03\/kinder2024_.png\" alt=\"\" width=\"1024\" height=\"488\" srcset=\"https:\/\/cesf.cl\/sitio1\/wp-content\/uploads\/2024\/03\/kinder2024_.png 1024w, https:\/\/cesf.cl\/sitio1\/wp-content\/uploads\/2024\/03\/kinder2024_-300x143.png 300w, https:\/\/cesf.cl\/sitio1\/wp-content\/uploads\/2024\/03\/kinder2024_-768x366.png 768w\" sizes=\"auto, (max-width: 1024px) 100vw, 1024px\" \/><\/p>\n<h3 style=\"text-align: center;\"><strong>Ense\u00f1anza B\u00e1sica:<\/strong><\/h3>\n<p><strong><span style=\"color: #ff6600;\">1\u00baB\u00e1sico:<\/span><\/strong><br \/>\n<img loading=\"lazy\" decoding=\"async\" class=\"aligncenter size-full wp-image-6800\" src=\"https:\/\/cesf.cl\/sitio1\/wp-content\/uploads\/2024\/03\/1basico2024_-1.png\" alt=\"\" width=\"796\" height=\"608\" srcset=\"https:\/\/cesf.cl\/sitio1\/wp-content\/uploads\/2024\/03\/1basico2024_-1.png 796w, https:\/\/cesf.cl\/sitio1\/wp-content\/uploads\/2024\/03\/1basico2024_-1-300x229.png 300w, https:\/\/cesf.cl\/sitio1\/wp-content\/uploads\/2024\/03\/1basico2024_-1-768x587.png 768w\" sizes=\"auto, (max-width: 796px) 100vw, 796px\" \/><br \/>\n<span style=\"color: #ff6600;\"><strong>2\u00baB\u00e1sico:<\/strong><\/span><br \/>\n<img loading=\"lazy\" decoding=\"async\" class=\"aligncenter size-full wp-image-6802\" src=\"https:\/\/cesf.cl\/sitio1\/wp-content\/uploads\/2024\/03\/2basico2024_.png\" alt=\"\" width=\"694\" height=\"583\" srcset=\"https:\/\/cesf.cl\/sitio1\/wp-content\/uploads\/2024\/03\/2basico2024_.png 694w, https:\/\/cesf.cl\/sitio1\/wp-content\/uploads\/2024\/03\/2basico2024_-300x252.png 300w\" sizes=\"auto, (max-width: 694px) 100vw, 694px\" \/><br \/>\n<span style=\"color: #ff6600;\"><strong>3\u00baB\u00e1sico:<\/strong><\/span><br \/>\n<img loading=\"lazy\" decoding=\"async\" class=\"aligncenter size-full wp-image-6804\" src=\"https:\/\/cesf.cl\/sitio1\/wp-content\/uploads\/2024\/03\/3basico2024_.png\" alt=\"\" width=\"696\" height=\"635\" srcset=\"https:\/\/cesf.cl\/sitio1\/wp-content\/uploads\/2024\/03\/3basico2024_.png 696w, https:\/\/cesf.cl\/sitio1\/wp-content\/uploads\/2024\/03\/3basico2024_-300x274.png 300w\" sizes=\"auto, (max-width: 696px) 100vw, 696px\" \/><br \/>\n<span style=\"color: #ff6600;\"><strong>4\u00baB\u00e1sico:<\/strong><\/span><br \/>\n<img loading=\"lazy\" decoding=\"async\" class=\"aligncenter size-full wp-image-6806\" src=\"https:\/\/cesf.cl\/sitio1\/wp-content\/uploads\/2024\/03\/4basico2024_.png\" alt=\"\" width=\"700\" height=\"638\" srcset=\"https:\/\/cesf.cl\/sitio1\/wp-content\/uploads\/2024\/03\/4basico2024_.png 700w, https:\/\/cesf.cl\/sitio1\/wp-content\/uploads\/2024\/03\/4basico2024_-300x273.png 300w\" sizes=\"auto, (max-width: 700px) 100vw, 700px\" \/><br \/>\n<strong><span style=\"color: #ff6600;\">5\u00baB\u00e1sico:<\/span><\/strong><br \/>\n<img loading=\"lazy\" decoding=\"async\" class=\"aligncenter size-large wp-image-6808\" src=\"https:\/\/cesf.cl\/sitio1\/wp-content\/uploads\/2024\/03\/5basico2024_-1024x627.png\" alt=\"\" width=\"640\" height=\"392\" srcset=\"https:\/\/cesf.cl\/sitio1\/wp-content\/uploads\/2024\/03\/5basico2024_-1024x627.png 1024w, https:\/\/cesf.cl\/sitio1\/wp-content\/uploads\/2024\/03\/5basico2024_-300x184.png 300w, https:\/\/cesf.cl\/sitio1\/wp-content\/uploads\/2024\/03\/5basico2024_-768x470.png 768w, https:\/\/cesf.cl\/sitio1\/wp-content\/uploads\/2024\/03\/5basico2024_-1536x941.png 1536w, https:\/\/cesf.cl\/sitio1\/wp-content\/uploads\/2024\/03\/5basico2024_.png 1966w\" sizes=\"auto, (max-width: 640px) 100vw, 640px\" \/><br \/>\n<strong><span style=\"color: #ff6600;\">6\u00baB\u00e1sico:<\/span><\/strong><br \/>\n<img loading=\"lazy\" decoding=\"async\" class=\"aligncenter size-large wp-image-6809\" src=\"https:\/\/cesf.cl\/sitio1\/wp-content\/uploads\/2024\/03\/6basico2024_-1-1024x647.png\" alt=\"\" width=\"640\" height=\"404\" srcset=\"https:\/\/cesf.cl\/sitio1\/wp-content\/uploads\/2024\/03\/6basico2024_-1-1024x647.png 1024w, https:\/\/cesf.cl\/sitio1\/wp-content\/uploads\/2024\/03\/6basico2024_-1-300x189.png 300w, https:\/\/cesf.cl\/sitio1\/wp-content\/uploads\/2024\/03\/6basico2024_-1-768x485.png 768w, https:\/\/cesf.cl\/sitio1\/wp-content\/uploads\/2024\/03\/6basico2024_-1-1536x970.png 1536w, https:\/\/cesf.cl\/sitio1\/wp-content\/uploads\/2024\/03\/6basico2024_-1.png 2046w\" sizes=\"auto, (max-width: 640px) 100vw, 640px\" \/><br \/>\n<strong><span style=\"color: #ff6600;\">7\u00baB\u00e1sico:<\/span><\/strong><br \/>\n<img loading=\"lazy\" decoding=\"async\" class=\"aligncenter size-large wp-image-6810\" src=\"https:\/\/cesf.cl\/sitio1\/wp-content\/uploads\/2024\/03\/7basico2024_-1024x609.png\" alt=\"\" width=\"640\" height=\"381\" srcset=\"https:\/\/cesf.cl\/sitio1\/wp-content\/uploads\/2024\/03\/7basico2024_-1024x609.png 1024w, https:\/\/cesf.cl\/sitio1\/wp-content\/uploads\/2024\/03\/7basico2024_-300x179.png 300w, https:\/\/cesf.cl\/sitio1\/wp-content\/uploads\/2024\/03\/7basico2024_-768x457.png 768w, https:\/\/cesf.cl\/sitio1\/wp-content\/uploads\/2024\/03\/7basico2024_-1536x914.png 1536w, https:\/\/cesf.cl\/sitio1\/wp-content\/uploads\/2024\/03\/7basico2024_-2048x1219.png 2048w\" sizes=\"auto, (max-width: 640px) 100vw, 640px\" \/><br \/>\n<strong><span style=\"color: #ff6600;\">8\u00baB\u00e1sico:<\/span><\/strong><\/p>\n<p><img loading=\"lazy\" decoding=\"async\" class=\"aligncenter size-large wp-image-6811\" src=\"https:\/\/cesf.cl\/sitio1\/wp-content\/uploads\/2024\/03\/8basico2024_-1024x596.png\" alt=\"\" width=\"640\" height=\"373\" srcset=\"https:\/\/cesf.cl\/sitio1\/wp-content\/uploads\/2024\/03\/8basico2024_-1024x596.png 1024w, https:\/\/cesf.cl\/sitio1\/wp-content\/uploads\/2024\/03\/8basico2024_-300x175.png 300w, https:\/\/cesf.cl\/sitio1\/wp-content\/uploads\/2024\/03\/8basico2024_-768x447.png 768w, https:\/\/cesf.cl\/sitio1\/wp-content\/uploads\/2024\/03\/8basico2024_-1536x894.png 1536w, https:\/\/cesf.cl\/sitio1\/wp-content\/uploads\/2024\/03\/8basico2024_-2048x1192.png 2048w\" sizes=\"auto, (max-width: 640px) 100vw, 640px\" \/><\/p>\n<h3 style=\"text-align: center;\"><strong>Ense\u00f1anza Media:<\/strong><\/h3>\n<p><span style=\"color: #339966;\"><strong>1\u00baMedio:<\/strong><\/span><br \/>\n<img loading=\"lazy\" decoding=\"async\" class=\"aligncenter size-large wp-image-6799\" src=\"https:\/\/cesf.cl\/sitio1\/wp-content\/uploads\/2024\/03\/1medio2024_-1024x647.png\" alt=\"\" width=\"640\" height=\"404\" srcset=\"https:\/\/cesf.cl\/sitio1\/wp-content\/uploads\/2024\/03\/1medio2024_-1024x647.png 1024w, https:\/\/cesf.cl\/sitio1\/wp-content\/uploads\/2024\/03\/1medio2024_-300x190.png 300w, https:\/\/cesf.cl\/sitio1\/wp-content\/uploads\/2024\/03\/1medio2024_-768x485.png 768w, https:\/\/cesf.cl\/sitio1\/wp-content\/uploads\/2024\/03\/1medio2024_-1536x970.png 1536w, https:\/\/cesf.cl\/sitio1\/wp-content\/uploads\/2024\/03\/1medio2024_.png 2020w\" sizes=\"auto, (max-width: 640px) 100vw, 640px\" \/><br \/>\n<strong><span style=\"color: #339966;\">2\u00baMedio:<\/span><\/strong><br \/>\n<img loading=\"lazy\" decoding=\"async\" class=\"aligncenter size-large wp-image-6803\" src=\"https:\/\/cesf.cl\/sitio1\/wp-content\/uploads\/2024\/03\/2medio2024_-1024x632.png\" alt=\"\" width=\"640\" height=\"395\" srcset=\"https:\/\/cesf.cl\/sitio1\/wp-content\/uploads\/2024\/03\/2medio2024_-1024x632.png 1024w, https:\/\/cesf.cl\/sitio1\/wp-content\/uploads\/2024\/03\/2medio2024_-300x185.png 300w, https:\/\/cesf.cl\/sitio1\/wp-content\/uploads\/2024\/03\/2medio2024_-768x474.png 768w, https:\/\/cesf.cl\/sitio1\/wp-content\/uploads\/2024\/03\/2medio2024_-1536x948.png 1536w, https:\/\/cesf.cl\/sitio1\/wp-content\/uploads\/2024\/03\/2medio2024_.png 1886w\" sizes=\"auto, (max-width: 640px) 100vw, 640px\" \/><br \/>\n<span style=\"color: #339966;\"><strong>3\u00baMedio:<\/strong><\/span><br \/>\n<img loading=\"lazy\" decoding=\"async\" class=\"aligncenter size-large wp-image-6805\" src=\"https:\/\/cesf.cl\/sitio1\/wp-content\/uploads\/2024\/03\/3medio2024_-1024x455.png\" alt=\"\" width=\"640\" height=\"284\" srcset=\"https:\/\/cesf.cl\/sitio1\/wp-content\/uploads\/2024\/03\/3medio2024_-1024x455.png 1024w, https:\/\/cesf.cl\/sitio1\/wp-content\/uploads\/2024\/03\/3medio2024_-300x133.png 300w, https:\/\/cesf.cl\/sitio1\/wp-content\/uploads\/2024\/03\/3medio2024_-768x342.png 768w, https:\/\/cesf.cl\/sitio1\/wp-content\/uploads\/2024\/03\/3medio2024_-1536x683.png 1536w, https:\/\/cesf.cl\/sitio1\/wp-content\/uploads\/2024\/03\/3medio2024_-2048x911.png 2048w\" sizes=\"auto, (max-width: 640px) 100vw, 640px\" \/><br \/>\n<strong><span style=\"color: #339966;\">4\u00baMedio:<\/span><\/strong><\/p>\n<p><img loading=\"lazy\" decoding=\"async\" class=\"aligncenter size-large wp-image-6807\" src=\"https:\/\/cesf.cl\/sitio1\/wp-content\/uploads\/2024\/03\/4medio2024_-1024x521.png\" alt=\"\" width=\"640\" height=\"326\" srcset=\"https:\/\/cesf.cl\/sitio1\/wp-content\/uploads\/2024\/03\/4medio2024_-1024x521.png 1024w, https:\/\/cesf.cl\/sitio1\/wp-content\/uploads\/2024\/03\/4medio2024_-300x153.png 300w, https:\/\/cesf.cl\/sitio1\/wp-content\/uploads\/2024\/03\/4medio2024_-768x390.png 768w, https:\/\/cesf.cl\/sitio1\/wp-content\/uploads\/2024\/03\/4medio2024_-1536x781.png 1536w, https:\/\/cesf.cl\/sitio1\/wp-content\/uploads\/2024\/03\/4medio2024_-2048x1041.png 2048w\" sizes=\"auto, (max-width: 640px) 100vw, 640px\" \/><\/p>\n<p>La Direcci\u00f3n<br \/>\nCorporaci\u00f3n Educacional San Fernando &#8211; 2023<\/p>\n","protected":false},"excerpt":{"rendered":"<p>Ense\u00f1anza Pre-Escolar: PreK\u00ednder &nbsp; K\u00ednder Ense\u00f1anza B\u00e1sica: 1\u00baB\u00e1sico: 2\u00baB\u00e1sico: 3\u00baB\u00e1sico: 4\u00baB\u00e1sico: 5\u00baB\u00e1sico: 6\u00baB\u00e1sico: 7\u00baB\u00e1sico: 8\u00baB\u00e1sico: Ense\u00f1anza Media: 1\u00baMedio: 2\u00baMedio: 3\u00baMedio: 4\u00baMedio: La Direcci\u00f3n Corporaci\u00f3n Educacional San Fernando &#8211; 2023<\/p>\n","protected":false},"author":1,"featured_media":6795,"parent":0,"menu_order":0,"comment_status":"closed","ping_status":"closed","template":"","meta":{"footnotes":""},"class_list":["post-6772","page","type-page","status-publish","has-post-thumbnail","hentry"],"_links":{"self":[{"href":"https:\/\/cesf.cl\/sitio1\/wp-json\/wp\/v2\/pages\/6772","targetHints":{"allow":["GET"]}}],"collection":[{"href":"https:\/\/cesf.cl\/sitio1\/wp-json\/wp\/v2\/pages"}],"about":[{"href":"https:\/\/cesf.cl\/sitio1\/wp-json\/wp\/v2\/types\/page"}],"author":[{"embeddable":true,"href":"https:\/\/cesf.cl\/sitio1\/wp-json\/wp\/v2\/users\/1"}],"replies":[{"embeddable":true,"href":"https:\/\/cesf.cl\/sitio1\/wp-json\/wp\/v2\/comments?post=6772"}],"version-history":[{"count":7,"href":"https:\/\/cesf.cl\/sitio1\/wp-json\/wp\/v2\/pages\/6772\/revisions"}],"predecessor-version":[{"id":6814,"href":"https:\/\/cesf.cl\/sitio1\/wp-json\/wp\/v2\/pages\/6772\/revisions\/6814"}],"wp:featuredmedia":[{"embeddable":true,"href":"https:\/\/cesf.cl\/sitio1\/wp-json\/wp\/v2\/media\/6795"}],"wp:attachment":[{"href":"https:\/\/cesf.cl\/sitio1\/wp-json\/wp\/v2\/media?parent=6772"}],"curies":[{"name":"wp","href":"https:\/\/api.w.org\/{rel}","templated":true}]}}