{"id":6715,"date":"2023-12-27T18:24:17","date_gmt":"2023-12-27T22:24:17","guid":{"rendered":"https:\/\/cesf.cl\/sitio1\/?page_id=6715"},"modified":"2025-01-06T07:07:09","modified_gmt":"2025-01-06T11:07:09","slug":"listado-de-utiles-2024","status":"publish","type":"page","link":"https:\/\/cesf.cl\/sitio1\/listado-de-utiles-2024\/","title":{"rendered":"Listado de \u00fatiles 2025"},"content":{"rendered":"<p><span style=\"font-size: 14pt;\">Estimada comunidad, a continuaci\u00f3n los \u00fatiles escolares por curso\u00a0 por nivel, a\u00f1o escolar 2025:<\/span><\/p>\n<table style=\"border-collapse: collapse; width: 100%;\">\n<tbody>\n<tr>\n<td style=\"width: 16.6667%;\"><span style=\"color: #ff6600; font-size: 14pt;\"><a style=\"color: #ff6600;\" href=\"https:\/\/cesf.cl\/sitio1\/wp-content\/uploads\/2025\/01\/1-Lista-de-utiles-prekin-2025.pdf\"><strong>Pre K\u00ednder<\/strong><\/a><\/span><\/td>\n<td style=\"width: 16.6667%;\"><span style=\"color: #ff6600; font-size: 14pt;\"><a style=\"color: #ff6600;\" href=\"https:\/\/cesf.cl\/sitio1\/wp-content\/uploads\/2025\/01\/2-Lista-de-utiles-kinder-2025.pdf\"><strong>K\u00ednder<\/strong><\/a><\/span><\/td>\n<td style=\"width: 16.6667%;\"><span style=\"color: #ff6600; font-size: 14pt;\"><a style=\"color: #ff6600;\" href=\"https:\/\/cesf.cl\/sitio1\/wp-content\/uploads\/2025\/01\/3Lista-de-utiles-1%c2%b0basico-2025.pdf\"><strong>1\u00b0 B\u00e1sico<\/strong><\/a><\/span><\/td>\n<td style=\"width: 16.6667%;\"><span style=\"color: #ff6600; font-size: 14pt;\"><a style=\"color: #ff6600;\" href=\"https:\/\/cesf.cl\/sitio1\/wp-content\/uploads\/2025\/01\/4-Lista-de-utiles-2do-Basico-2025.pdf\"><strong>2\u00b0 B\u00e1sico<\/strong><\/a><\/span><\/td>\n<td style=\"width: 16.6667%;\"><span style=\"color: #ff6600; font-size: 14pt;\"><a style=\"color: #ff6600;\" href=\"https:\/\/cesf.cl\/sitio1\/wp-content\/uploads\/2025\/01\/5-Lista-de-utiles-3%c2%b0basico-2025.pdf\"><strong>3\u00b0 B\u00e1sico<\/strong><\/a><\/span><\/td>\n<td style=\"width: 16.6667%;\"><span style=\"color: #ff6600; font-size: 14pt;\"><a style=\"color: #ff6600;\" href=\"https:\/\/cesf.cl\/sitio1\/wp-content\/uploads\/2025\/01\/6-Lista-de-utiles-4%c2%b0basico-2025.pdf\"><strong>4\u00b0 B\u00e1sico<\/strong><\/a><\/span><\/td>\n<\/tr>\n<tr>\n<td style=\"width: 16.6667%;\"><\/td>\n<td style=\"width: 16.6667%;\"><\/td>\n<td style=\"width: 16.6667%;\"><\/td>\n<td style=\"width: 16.6667%;\"><\/td>\n<td style=\"width: 16.6667%;\"><\/td>\n<td style=\"width: 16.6667%;\"><\/td>\n<\/tr>\n<tr>\n<td style=\"width: 16.6667%;\"><span style=\"color: #ff6600; font-size: 14pt;\"><a style=\"color: #ff6600;\" href=\"https:\/\/cesf.cl\/sitio1\/wp-content\/uploads\/2025\/01\/7-lista-de-Utiles-5%c2%b0basico-2025.pdf\"><strong>5\u00b0 B\u00e1sico<\/strong><\/a><\/span><\/td>\n<td style=\"width: 16.6667%;\"><span style=\"color: #ff6600; font-size: 14pt;\"><a style=\"color: #ff6600;\" href=\"https:\/\/cesf.cl\/sitio1\/wp-content\/uploads\/2025\/01\/8-Lista-de-Utiles-6%c2%b0basico-2025.pdf\"><strong>6\u00b0 B\u00e1sico<\/strong><\/a><\/span><\/td>\n<td style=\"width: 16.6667%;\"><span style=\"color: #ff6600; font-size: 14pt;\"><a style=\"color: #ff6600;\" href=\"https:\/\/cesf.cl\/sitio1\/wp-content\/uploads\/2025\/01\/9-Lista-de-utiles-7%c2%b0basico-2025.pdf\"><strong>7\u00b0 B\u00e1sico<\/strong><\/a><\/span><\/td>\n<td style=\"width: 16.6667%;\"><span style=\"color: #ff6600; font-size: 14pt;\"><a style=\"color: #ff6600;\" href=\"https:\/\/cesf.cl\/sitio1\/wp-content\/uploads\/2025\/01\/10-Lista-de-utiles-8%c2%b0basico-2025.pdf\"><strong>8\u00b0 B\u00e1sico<\/strong><\/a><\/span><\/td>\n<td style=\"width: 16.6667%;\"><span style=\"color: #ff6600; font-size: 14pt;\"><a style=\"color: #ff6600;\" href=\"https:\/\/cesf.cl\/sitio1\/wp-content\/uploads\/2025\/01\/11-lista-de-utiles-1-medio-2025.pdf\"><strong>1\u00b0 Medio<\/strong><\/a><\/span><\/td>\n<td style=\"width: 16.6667%;\"><span style=\"color: #ff6600; font-size: 14pt;\"><a style=\"color: #ff6600;\" href=\"https:\/\/cesf.cl\/sitio1\/wp-content\/uploads\/2025\/01\/12-Lista-de-utiles-2-Medio-2025.pdf\"><strong>2\u00b0 Medio<\/strong><\/a><\/span><\/td>\n<\/tr>\n<tr>\n<td style=\"width: 16.6667%;\"><\/td>\n<td style=\"width: 16.6667%;\"><\/td>\n<td style=\"width: 16.6667%;\"><\/td>\n<td style=\"width: 16.6667%;\"><\/td>\n<td style=\"width: 16.6667%;\"><\/td>\n<td style=\"width: 16.6667%;\"><\/td>\n<\/tr>\n<tr>\n<td style=\"width: 16.6667%;\"><span style=\"color: #ff6600; font-size: 14pt;\"><a style=\"color: #ff6600;\" href=\"https:\/\/cesf.cl\/sitio1\/wp-content\/uploads\/2025\/01\/13-Lista-de-utiles-3-medio-2025.pdf\"><strong>3\u00b0 Medio<\/strong><\/a><\/span><\/td>\n<td style=\"width: 16.6667%;\"><span style=\"color: #ff6600; font-size: 14pt;\"><a style=\"color: #ff6600;\" href=\"https:\/\/cesf.cl\/sitio1\/wp-content\/uploads\/2025\/01\/14-Lista-de-utiles-4-medio-2025.pdf\"><strong>4\u00b0 Medio<\/strong><\/a><\/span><\/td>\n<td style=\"width: 16.6667%;\"><\/td>\n<td style=\"width: 16.6667%;\"><\/td>\n<td style=\"width: 16.6667%;\"><\/td>\n<td style=\"width: 16.6667%;\"><\/td>\n<\/tr>\n<tr>\n<td style=\"width: 16.6667%;\"><\/td>\n<td style=\"width: 16.6667%;\"><\/td>\n<td style=\"width: 16.6667%;\"><\/td>\n<td style=\"width: 16.6667%;\"><\/td>\n<td style=\"width: 16.6667%;\"><\/td>\n<td style=\"width: 16.6667%;\"><\/td>\n<\/tr>\n<\/tbody>\n<\/table>\n<p><span style=\"font-size: 18pt;\">La direcci\u00f3n<\/span><\/p>\n","protected":false},"excerpt":{"rendered":"<p>Estimada comunidad, a continuaci\u00f3n los \u00fatiles escolares por curso\u00a0 por nivel, a\u00f1o escolar 2025: Pre K\u00ednder K\u00ednder 1\u00b0 B\u00e1sico 2\u00b0 B\u00e1sico 3\u00b0 B\u00e1sico 4\u00b0 B\u00e1sico 5\u00b0 B\u00e1sico 6\u00b0 B\u00e1sico 7\u00b0 B\u00e1sico 8\u00b0 B\u00e1sico 1\u00b0 Medio 2\u00b0 Medio 3\u00b0 Medio 4\u00b0 Medio La direcci\u00f3n<\/p>\n","protected":false},"author":1,"featured_media":6722,"parent":0,"menu_order":0,"comment_status":"closed","ping_status":"closed","template":"","meta":{"footnotes":""},"class_list":["post-6715","page","type-page","status-publish","has-post-thumbnail","hentry"],"_links":{"self":[{"href":"https:\/\/cesf.cl\/sitio1\/wp-json\/wp\/v2\/pages\/6715","targetHints":{"allow":["GET"]}}],"collection":[{"href":"https:\/\/cesf.cl\/sitio1\/wp-json\/wp\/v2\/pages"}],"about":[{"href":"https:\/\/cesf.cl\/sitio1\/wp-json\/wp\/v2\/types\/page"}],"author":[{"embeddable":true,"href":"https:\/\/cesf.cl\/sitio1\/wp-json\/wp\/v2\/users\/1"}],"replies":[{"embeddable":true,"href":"https:\/\/cesf.cl\/sitio1\/wp-json\/wp\/v2\/comments?post=6715"}],"version-history":[{"count":9,"href":"https:\/\/cesf.cl\/sitio1\/wp-json\/wp\/v2\/pages\/6715\/revisions"}],"predecessor-version":[{"id":7061,"href":"https:\/\/cesf.cl\/sitio1\/wp-json\/wp\/v2\/pages\/6715\/revisions\/7061"}],"wp:featuredmedia":[{"embeddable":true,"href":"https:\/\/cesf.cl\/sitio1\/wp-json\/wp\/v2\/media\/6722"}],"wp:attachment":[{"href":"https:\/\/cesf.cl\/sitio1\/wp-json\/wp\/v2\/media?parent=6715"}],"curies":[{"name":"wp","href":"https:\/\/api.w.org\/{rel}","templated":true}]}}