{"id":6470,"date":"2023-06-27T17:03:46","date_gmt":"2023-06-27T21:03:46","guid":{"rendered":"https:\/\/cesf.cl\/sitio1\/?page_id=6470"},"modified":"2023-09-25T17:57:41","modified_gmt":"2023-09-25T21:57:41","slug":"bibliocra-sabias-que","status":"publish","type":"page","link":"https:\/\/cesf.cl\/sitio1\/bibliocra-sabias-que\/","title":{"rendered":"BiblioCRA: Sab\u00edas qu\u00e9?.."},"content":{"rendered":"<p>A continuaci\u00f3n por cada mes podr\u00e1s encontrar distintos art\u00edculos relacionados con personajes destacados en las efem\u00e9rides denominadas \u00absab\u00edas que?\u00bb<\/p>\n<p><strong>Abril<\/strong><\/p>\n<p><span style=\"color: #ff6600;\"><strong><a style=\"color: #ff6600;\" href=\"https:\/\/cesf.cl\/sitio1\/2023\/corporativo\/sabiasque\/Sabi%CC%81as%20que%2025042023%20al%2028042023.pdf\">Articulo1<\/a> \u00a0<a style=\"color: #ff6600;\" href=\"https:\/\/cesf.cl\/sitio1\/2023\/corporativo\/sabiasque\/Sabi%CC%81as%20que%CC%81%2002052023%20al%2005052023.pdf\">Articulo2 <\/a>\u00a0<\/strong>\u00a0<a style=\"color: #ff6600;\" href=\"https:\/\/cesf.cl\/sitio1\/2023\/corporativo\/sabiasque\/En%20un%20di%CC%81a%20como%20hoy%2010042023%20al%2014042023%20(1).pdf\"><strong>Articulo3<\/strong><\/a> \u00a0<a style=\"color: #ff6600;\" href=\"http:\/\/En un di\u0301a como hoy 17042023 al 21042023.pdf\"><strong>Articulo4<\/strong><\/a> \u00a0<strong>Articulo5<\/strong><\/span><\/p>\n<p><strong>Mayo<\/strong><\/p>\n<p><strong><span style=\"color: #ff6600;\"><a style=\"color: #ff6600;\" href=\"https:\/\/cesf.cl\/sitio1\/2023\/corporativo\/sabiasque\/Sabi%CC%81as%20que%CC%81...%200805%20al%201205.pdf\">Articulo1<\/a> <a style=\"color: #ff6600;\" href=\"https:\/\/cesf.cl\/sitio1\/2023\/corporativo\/sabiasque\/Sabi%CC%81as%20que%CC%81...%201505%20al%201905.pdf\">Articulo2<\/a> <a style=\"color: #ff6600;\" href=\"https:\/\/cesf.cl\/sitio1\/2023\/corporativo\/sabiasque\/Sabi%CC%81as%20que%CC%81...%202205%20al%202605.pdf\">Articulo3<\/a> <a style=\"color: #ff6600;\" href=\"https:\/\/cesf.cl\/sitio1\/2023\/corporativo\/sabiasque\/Sabi%CC%81as%20que%CC%81...%202905%20al%201606.pdf\">Articulo4<\/a> Articulo5 Articulo6<\/span><\/strong><\/p>\n<p><strong>Junio<\/strong><\/p>\n<p><strong><span style=\"color: #ff6600;\"><a style=\"color: #ff6600;\" href=\"https:\/\/cesf.cl\/sitio1\/2023\/corporativo\/sabiasque\/Sabi%CC%81as%20que%CC%81...%202905%20al%201606.pdf\">Articulo1<\/a> <a style=\"color: #ff6600;\" href=\"http:\/\/Sabi\u0301as que\u0301... 2206 al 3006 web colegio.pdf\">Articulo2<\/a> <a style=\"color: #ff6600;\" href=\"https:\/\/cesf.cl\/sitio1\/2023\/corporativo\/sabiasque\/Sabi%CC%81as%20que%CC%81...%202206%20al%203006%20web%20colegio.pdf\">Articulo3<\/a> Articulo4 Articulo5<\/span><\/strong><\/p>\n<p><strong>Julio<\/strong><\/p>\n<p><strong><span style=\"color: #ff6600;\">Articulo1<\/span><\/strong> <strong><span style=\"color: #ff6600;\">Articulo2<\/span> <span style=\"color: #ff6600;\">Articulo3<\/span> <span style=\"color: #ff6600;\">Articulo4<\/span><\/strong><\/p>\n<p><strong>Agosto<\/strong><\/p>\n<p><span style=\"color: #ff6600;\"><a style=\"color: #ff6600;\" href=\"https:\/\/cesf.cl\/sitio1\/2023\/corporativo\/sabiasque\/Sabi%CC%81as%20que%CC%81...%200708%20al%201108%20(1).pdf\"><strong>Articulo1<\/strong><\/a> <a style=\"color: #ff6600;\" href=\"https:\/\/cesf.cl\/sitio1\/2023\/corporativo\/sabiasque\/Sabi%CC%81as%20que%CC%81...%202108%20al%203108%20(1).pdf\"><strong>Articulo2<\/strong><\/a> <strong>Articulo3<\/strong><\/span> <strong><span style=\"color: #ff6600;\">Articulo4<\/span><\/strong><\/p>\n<p><strong>Septiembre<\/strong><\/p>\n<p><span style=\"color: #ff6600;\"><strong>Articulo1<\/strong> <strong>Articulo2<\/strong><\/span> <strong><span style=\"color: #ff6600;\">Articulo3<\/span><\/strong> <span style=\"color: #ff6600;\"><strong>Articulo4<\/strong><\/span><\/p>\n","protected":false},"excerpt":{"rendered":"<p>A continuaci\u00f3n por cada mes podr\u00e1s encontrar distintos art\u00edculos relacionados con personajes destacados en las efem\u00e9rides denominadas \u00absab\u00edas que?\u00bb Abril Articulo1 \u00a0Articulo2 \u00a0\u00a0Articulo3 \u00a0Articulo4 \u00a0Articulo5 Mayo Articulo1 Articulo2 Articulo3 Articulo4 Articulo5 Articulo6 Junio Articulo1 Articulo2 Articulo3 Articulo4 Articulo5 Julio Articulo1 Articulo2 Articulo3 Articulo4 Agosto Articulo1 Articulo2 Articulo3 Articulo4 Septiembre Articulo1 Articulo2 Articulo3 Articulo4<\/p>\n","protected":false},"author":1,"featured_media":6484,"parent":0,"menu_order":0,"comment_status":"closed","ping_status":"closed","template":"","meta":{"footnotes":""},"class_list":["post-6470","page","type-page","status-publish","has-post-thumbnail","hentry"],"_links":{"self":[{"href":"https:\/\/cesf.cl\/sitio1\/wp-json\/wp\/v2\/pages\/6470","targetHints":{"allow":["GET"]}}],"collection":[{"href":"https:\/\/cesf.cl\/sitio1\/wp-json\/wp\/v2\/pages"}],"about":[{"href":"https:\/\/cesf.cl\/sitio1\/wp-json\/wp\/v2\/types\/page"}],"author":[{"embeddable":true,"href":"https:\/\/cesf.cl\/sitio1\/wp-json\/wp\/v2\/users\/1"}],"replies":[{"embeddable":true,"href":"https:\/\/cesf.cl\/sitio1\/wp-json\/wp\/v2\/comments?post=6470"}],"version-history":[{"count":20,"href":"https:\/\/cesf.cl\/sitio1\/wp-json\/wp\/v2\/pages\/6470\/revisions"}],"predecessor-version":[{"id":6585,"href":"https:\/\/cesf.cl\/sitio1\/wp-json\/wp\/v2\/pages\/6470\/revisions\/6585"}],"wp:featuredmedia":[{"embeddable":true,"href":"https:\/\/cesf.cl\/sitio1\/wp-json\/wp\/v2\/media\/6484"}],"wp:attachment":[{"href":"https:\/\/cesf.cl\/sitio1\/wp-json\/wp\/v2\/media?parent=6470"}],"curies":[{"name":"wp","href":"https:\/\/api.w.org\/{rel}","templated":true}]}}