{"id":47,"date":"2012-11-13T20:15:36","date_gmt":"2012-11-13T20:15:36","guid":{"rendered":"http:\/\/cesf.cl\/wordpress\/?page_id=47"},"modified":"2018-04-23T23:09:26","modified_gmt":"2018-04-23T23:09:26","slug":"proyecto-educativo","status":"publish","type":"page","link":"https:\/\/cesf.cl\/sitio1\/quienes-somos\/proyecto-educativo\/","title":{"rendered":"Modelo Educativo"},"content":{"rendered":"<p>El Modelo educativo del Centro Educacional San Fernando, valora la participaci\u00f3n permanente del estudiante para alcanzar los objetivos propuestos por la instituci\u00f3n, sin olvidar el activo rol que deben desarrollar los padres y apoderados, quienes realizan un compromiso con sus propios alumnos y el colegio y finalmente, uno de los miembros principales, es el docente, quien busca diferentes metodolog\u00edas para poder alcanzar el logro de los objetivos planteados.<br \/>\nValoramos enormemente la participaci\u00f3n activa del estudiante en su propio proceso de formaci\u00f3n, respetando sus ritmos, aptitudes e intereses, mediante la aplicaci\u00f3n de estrategias pedag\u00f3gicas que posibiliten el desarrollo de la autonom\u00eda intelectual y del pensamiento cr\u00edtico en cuanto a su propio proceso de formaci\u00f3n.<\/p>\n<p>Nuestra instituci\u00f3n, no centra su modelo educativo en una definici\u00f3n en particular, sino que cree en la diversidad de ense\u00f1anza, tomando lo mejor de cada teor\u00eda planteada hasta el momento, considerando las capacidades de nuestros estudiantes, sus estilos y ritmos de aprendizaje, las metodolog\u00edas de ense\u00f1anza de nuestros docentes y los intereses que se generan por las diferentes asignaturas. Sin embargo, consideramos que se debe dirigir la ense\u00f1anza hacia el desarrollo de actitudes y aptitudes, con desarrollo de procesos de pensamiento para construir su propio pensamiento.<br \/>\nBuscamos convertir a nuestros alumnos y alumnas en los m\u00e1s capacitados emprendedores, pues al haber sido educados en el equilibrio, con un alto sentido de la justicia y con un fuerte soporte val\u00f3rico, que le permita asumir los nuevos desaf\u00edos de una sociedad en permanente cambio. Nuestro colegio busca el realizar un aporte sustantivo al esfuerzo que realizan los padres a la educaci\u00f3n de sus hijos, ofreci\u00e9ndoles una educaci\u00f3n de calidad, fundada en la rigurosidad acad\u00e9mica.<\/p>\n<p>El Colegio se caracteriza por contar con una matriz curricular que privilegia la adquisici\u00f3n de herramientas habilitantes para un exitoso desempe\u00f1o en la educaci\u00f3n superior y el mundo laboral futuro. Por tanto son fundamentos de nuestro \u201cHacer Pedag\u00f3gico\u201d:<\/p>\n<p>1\u00b0 Computaci\u00f3n desde 1\u00ba b\u00e1sico hasta 8\u00b0 b\u00e1sico como herramienta de trabajo y comunicaci\u00f3n, empleando tecnolog\u00eda de punta.<br \/>\n2\u00b0 Las asignaturas de Lenguaje y Matem\u00e1ticas est\u00e1n diferenciadas por nivel desde 1\u00ba b\u00e1sico a 4\u00ba medio, conformando el principio de que los alumnos tienen diferentes habilidades.<br \/>\n3\u00ba Ingl\u00e9s desde 3\u00ba b\u00e1sico a 4\u00ba medio en niveles.<br \/>\n4\u00ba Comprensi\u00f3n del Medio y Comprensi\u00f3n de la Naturaleza en 3\u00ba y 4\u00ba b\u00e1sicos, Ciencias Naturales, Comprensi\u00f3n de la Sociedad en 7\u00ba y 8\u00ba est\u00e1n implementadas bajo el principio de niveles diferenciados.<\/p>\n<p>5\u00ba En la Ense\u00f1anza Media la estructura curricular contempla los planes vocacionales, que corresponden a asignaturas que el alumno puede seleccionar, que est\u00e1n orientadas a profundizar conocimientos y habilidades relacionadas con las futuras carreras de la Educaci\u00f3n Superior.<br \/>\n6\u00ba Taller PSU destinados a los alumnos de 3\u00ba y 4\u00ba A\u00f1o de Ense\u00f1anza Media, realizado por los alumnos m\u00e1s destacados en las distintas asignaturas que repasan y refuerzan conocimientos de Lenguaje, Matem\u00e1tica, Ciencias e Historia.<br \/>\n7\u00ba En 7mo y 8vo. Comprensi\u00f3n de la naturaleza se abri\u00f3 a Biolog\u00eda, Qu\u00edmica, como una forma de dar mayor nivel de profundidad a las unidades y a la vez preparar el camino para la Ense\u00f1anza Media.<br \/>\nEsta propuesta acad\u00e9mica, unida a un intenso trabajo en cada una de las asignaturas, hace que nuestros alumnos tengan en sus manos los instrumentos adecuados para enfrentar la educaci\u00f3n superior con ventajas comparativas.<\/p>\n<p><strong>ORGANIGRAMA:<\/strong><\/p>\n<p><a href=\"http:\/\/cesf.cl\/wordpress\/wp-content\/uploads\/2012\/11\/organigrama.png\"><img loading=\"lazy\" decoding=\"async\" class=\"alignnone size-full wp-image-233\" title=\"organigrama\" src=\"http:\/\/cesf.cl\/wordpress\/wp-content\/uploads\/2012\/11\/organigrama.png\" alt=\"\" width=\"825\" height=\"850\" srcset=\"https:\/\/cesf.cl\/sitio1\/wp-content\/uploads\/2012\/11\/organigrama.png 825w, https:\/\/cesf.cl\/sitio1\/wp-content\/uploads\/2012\/11\/organigrama-291x300.png 291w, https:\/\/cesf.cl\/sitio1\/wp-content\/uploads\/2012\/11\/organigrama-768x791.png 768w\" sizes=\"auto, (max-width: 825px) 100vw, 825px\" \/><\/a><\/p>\n","protected":false},"excerpt":{"rendered":"<p>El Modelo educativo del Centro Educacional San Fernando, valora la participaci\u00f3n permanente del estudiante para alcanzar los objetivos propuestos por la instituci\u00f3n, sin olvidar el activo rol que deben desarrollar los padres y apoderados, quienes realizan un compromiso con sus propios alumnos y el colegio y finalmente, uno de los miembros principales, es el docente,&hellip;<\/p>\n","protected":false},"author":1,"featured_media":0,"parent":1387,"menu_order":0,"comment_status":"closed","ping_status":"closed","template":"","meta":{"footnotes":""},"class_list":["post-47","page","type-page","status-publish","hentry"],"_links":{"self":[{"href":"https:\/\/cesf.cl\/sitio1\/wp-json\/wp\/v2\/pages\/47","targetHints":{"allow":["GET"]}}],"collection":[{"href":"https:\/\/cesf.cl\/sitio1\/wp-json\/wp\/v2\/pages"}],"about":[{"href":"https:\/\/cesf.cl\/sitio1\/wp-json\/wp\/v2\/types\/page"}],"author":[{"embeddable":true,"href":"https:\/\/cesf.cl\/sitio1\/wp-json\/wp\/v2\/users\/1"}],"replies":[{"embeddable":true,"href":"https:\/\/cesf.cl\/sitio1\/wp-json\/wp\/v2\/comments?post=47"}],"version-history":[{"count":1,"href":"https:\/\/cesf.cl\/sitio1\/wp-json\/wp\/v2\/pages\/47\/revisions"}],"predecessor-version":[{"id":1892,"href":"https:\/\/cesf.cl\/sitio1\/wp-json\/wp\/v2\/pages\/47\/revisions\/1892"}],"up":[{"embeddable":true,"href":"https:\/\/cesf.cl\/sitio1\/wp-json\/wp\/v2\/pages\/1387"}],"wp:attachment":[{"href":"https:\/\/cesf.cl\/sitio1\/wp-json\/wp\/v2\/media?parent=47"}],"curies":[{"name":"wp","href":"https:\/\/api.w.org\/{rel}","templated":true}]}}