{"id":3059,"date":"2020-05-07T20:53:52","date_gmt":"2020-05-07T20:53:52","guid":{"rendered":"http:\/\/cesf.cl\/sitio1\/?page_id=3059"},"modified":"2020-12-07T15:02:48","modified_gmt":"2020-12-07T19:02:48","slug":"material-segunda-etapa","status":"publish","type":"page","link":"https:\/\/cesf.cl\/sitio1\/material-segunda-etapa\/","title":{"rendered":"Material Segunda Etapa"},"content":{"rendered":"<table style=\"height: 122px; width: 100%; border-collapse: collapse;\" border=\"0\">\n<tbody>\n<tr style=\"height: 61px;\">\n<td style=\"width: 47.7401%; background-color: #4b7cde; text-align: center; height: 61px;\">\n<h3><span style=\"color: #ffffff;\"><a style=\"color: #ffffff;\" href=\"http:\/\/cesf.cl\/sitio1\/material-primera-etapa\/\">Material Primera Etapa Marzo<\/a> <\/span><\/h3>\n<\/td>\n<td style=\"width: 2.25989%; background-color: #ffffff; text-align: center; height: 61px;\"><\/td>\n<td style=\"width: 50%; background-color: #4b7cde; height: 61px;\">\n<h3 style=\"text-align: center;\"><span style=\"color: #ffffff;\"><a style=\"color: #ffffff;\" href=\"http:\/\/cesf.cl\/sitio1\/material-segunda-etapa\/\">Material Segunda Etapa Abril<\/a><\/span><\/h3>\n<\/td>\n<\/tr>\n<tr style=\"height: 61px;\">\n<td style=\"width: 47.7401%; background-color: #ed8e11; height: 61px;\">\n<h3 style=\"text-align: center;\"><span style=\"color: #ffffff;\"><a style=\"color: #ffffff;\" href=\"http:\/\/cesf.cl\/sitio1\/material-clases-on-line\/\">Clases Mayo<\/a><\/span><\/h3>\n<\/td>\n<td style=\"width: 2.25989%; background-color: #ffffff; height: 61px;\">\n<h3 style=\"text-align: center;\"><\/h3>\n<\/td>\n<td style=\"width: 50%; height: 61px; background-color: #805e71;\">\n<h3 style=\"text-align: center;\"><a href=\"http:\/\/cesf.cl\/sitio1\/material-clases-on-line-junio\/\"><span style=\"color: #ffffff;\">clases Junio<\/span><\/a><\/h3>\n<\/td>\n<\/tr>\n<tr style=\"height: 61px;\">\n<td style=\"width: 47.7401%; background-color: #751ac4; height: 61px;\">\n<h3 style=\"text-align: center;\"><a href=\"http:\/\/cesf.cl\/sitio1\/material-clases-on-line-julio\/\"><span style=\"color: #ffffff;\">clases julio<\/span><\/a><\/h3>\n<\/td>\n<td style=\"width: 2.25989%; background-color: #ffffff; height: 61px;\">\n<h3 style=\"text-align: center;\"><\/h3>\n<\/td>\n<td style=\"width: 50%; background-color: #e6bf12; height: 61px;\">\n<h3 style=\"text-align: center;\"><a href=\"https:\/\/cesf.cl\/sitio1\/material-clases-on-line-agosto\/\"><span style=\"color: #ffffff;\">clases agosto<\/span><\/a><\/h3>\n<\/td>\n<\/tr>\n<tr style=\"height: 62px;\">\n<td style=\"width: 47.7401%; background-color: #95c48b; height: 62px;\">\n<h3 style=\"text-align: center;\"><span style=\"color: #ffffff;\"><a style=\"color: #ffffff;\" href=\"https:\/\/cesf.cl\/sitio1\/material-clases-on-line-septiembre\/\">clases SEPTIEMBRE<\/a><\/span><\/h3>\n<\/td>\n<td style=\"width: 2.25989%; background-color: #ffffff; height: 62px;\">\n<h3 style=\"text-align: center;\"><\/h3>\n<\/td>\n<td style=\"width: 50%; background-color: #ba847b; height: 62px;\">\n<h3 style=\"text-align: center;\"><span style=\"color: #ffffff;\"><a style=\"color: #ffffff;\" href=\"https:\/\/cesf.cl\/sitio1\/material-clases-on-line-octubre\/\">CLASES OCTUBRE<\/a><br \/>\n<\/span><\/h3>\n<\/td>\n<\/tr>\n<tr style=\"height: 61px;\">\n<td style=\"width: 47.7401%; background-color: #782a96; height: 61px;\">\n<h3 style=\"text-align: center;\"><strong><span style=\"color: #ffffff;\"><a style=\"color: #ffffff;\" href=\"https:\/\/cesf.cl\/sitio1\/material-clases-on-line-noviembre\/\">Clases Noviembre<\/a><\/span><\/strong><\/h3>\n<\/td>\n<td style=\"width: 2.25989%; background-color: #ffffff; height: 61px;\">\n<h3 style=\"text-align: center;\"><\/h3>\n<\/td>\n<td style=\"width: 50%; background-color: #2dcc30; height: 61px;\">\n<h3 style=\"text-align: center;\"><span style=\"color: #ffffff;\"><a style=\"color: #ffffff;\" href=\"https:\/\/cesf.cl\/sitio1\/material-clases-on-line-diciembre\/\">clases Diciembre<\/a>\u00a0<\/span><\/h3>\n<\/td>\n<\/tr>\n<\/tbody>\n<\/table>\n<h3 style=\"text-align: center;\"><strong>MATERIAL DE ESTUDIO SEGUNDA ETAPA<\/strong><\/h3>\n<h3><span style=\"color: #000000;\"><strong>P\u00e1rvulos:<\/strong><\/span><\/h3>\n<table style=\"border-collapse: collapse; width: 100%;\" border=\"1\">\n<tbody>\n<tr>\n<td style=\"width: 50%; background-color: #83daf2; text-align: center;\" colspan=\"2\"><span style=\"color: #000000;\"><strong>Gu\u00edas de Estudio<\/strong><\/span><\/td>\n<\/tr>\n<tr>\n<td style=\"width: 50%; background-color: #83daf2;\"><span style=\"color: #000000;\"><strong>Pre-Kinder<\/strong><\/span><\/td>\n<td style=\"width: 50%; background-color: #83daf2;\"><span style=\"color: #000000;\"><strong>kinder<\/strong><\/span><\/td>\n<\/tr>\n<tr>\n<td style=\"width: 50%;\">Proxima a publicar<\/td>\n<td style=\"width: 50%;\">Pr\u00f3ximo a Publicar<\/td>\n<\/tr>\n<\/tbody>\n<\/table>\n<h3><span style=\"color: #000000;\"><strong>Ense\u00f1anza B\u00e1sica:<\/strong><\/span><\/h3>\n<table style=\"border-collapse: collapse; width: 100%;\" border=\"1\">\n<tbody>\n<tr style=\"height: 25px;\">\n<td style=\"width: 12.5%; background-color: #e3a112; text-align: center; height: 25px;\" colspan=\"4\"><strong><span style=\"color: #000000;\">Gu\u00edas de Estudio<\/span><\/strong><strong><span style=\"color: #000000;\"><br \/>\n<\/span><\/strong><\/td>\n<\/tr>\n<tr style=\"height: 25px;\">\n<td style=\"width: 12.5%; background-color: #83daf2; height: 25px;\"><strong><span style=\"color: #000000;\">1\u00baB\u00e1sico<\/span><\/strong><\/td>\n<td style=\"width: 12.5%; background-color: #83daf2; height: 25px;\"><strong><span style=\"color: #000000;\">2\u00baB\u00e1sico<\/span><\/strong><\/td>\n<td style=\"width: 12.5%; background-color: #83daf2; height: 25px;\"><strong><span style=\"color: #000000;\">3\u00baB\u00e1sico<\/span><\/strong><\/td>\n<td style=\"width: 12.5%; background-color: #83daf2; height: 25px;\"><strong><span style=\"color: #000000;\">4\u00baB\u00e1sico<\/span><\/strong><\/td>\n<\/tr>\n<tr style=\"height: 25px;\">\n<td style=\"width: 12.5%; background-color: #ffffff; text-align: center; height: 25px;\" colspan=\"4\"><span style=\"color: #ff0000;\"><strong>Mes de Mayo<\/strong><\/span><\/td>\n<\/tr>\n<tr style=\"height: 373px;\">\n<td style=\"width: 12.5%; height: 373px;\">\n<p><span style=\"color: #ff6600;\"><strong><a style=\"color: #ff6600;\" href=\"http:\/\/cesf.cl\/sitio1\/2020\/aulaVirtual\/1basico\/mayo\/Gui\u0301a1_ArtVis_1roBa\u0301s_HMorales.pdf\">Gui\u0301a1_ArtVis_HMorales<\/a><\/strong><\/span><\/p>\n<p><span style=\"color: #ff6600;\"><strong><a style=\"color: #ff6600;\" href=\"http:\/\/cesf.cl\/sitio1\/2020\/aulaVirtual\/1basico\/mayo\/Gui\u0301a1_CsNat_1roBa\u0301s_HMorales.pdf\">Gui\u0301a1_CsNat_HMorales<\/a><\/strong><\/span><\/p>\n<p><span style=\"color: #ff6600;\"><strong><a style=\"color: #ff6600;\" href=\"http:\/\/cesf.cl\/sitio1\/2020\/aulaVirtual\/1basico\/mayo\/Gui\u0301a1_Hist_1roBa\u0301s_HMorales.pdf\">Gui\u0301a1_Hist_HMorales<\/a><\/strong><\/span><\/p>\n<p>&nbsp;<\/p>\n<p>&nbsp;<\/td>\n<td style=\"width: 12.5%; height: 373px;\">\n<p><a href=\"http:\/\/cesf.cl\/sitio1\/2020\/aulaVirtual\/2basico\/mayo\/Comprensio\u0301n%20Lectora%20n\u00b0%201%20%202\u00b0%20ba\u0301sico%20Lenguaje.pdf\"><span style=\"color: #ff6600;\"><strong>ComprensionLectora1<\/strong><\/span><\/a><\/p>\n<p><a href=\"http:\/\/cesf.cl\/sitio1\/2020\/aulaVirtual\/2basico\/mayo\/Gui\u0301a%20de%20autoaprendizaje%20n\u00b0%201%20Unidad%201%20Lenguaje%202\u00b0%20ba\u0301sico.pdf\"><span style=\"color: #ff6600;\"><strong>Gu\u00eda1Lenguaje<\/strong><\/span><\/a><\/td>\n<td style=\"width: 12.5%; height: 373px;\">\n<p><span style=\"color: #ff6600;\"><strong><a style=\"color: #ff6600;\" href=\"http:\/\/cesf.cl\/sitio1\/2020\/aulaVirtual\/3basico\/mayo\/Gui\u0301a%201%20Lenguaje%203\u00b0%20ba\u0301sico.pdf\">Gu\u00eda1Lenguaje<\/a><\/strong><\/span><\/p>\n<p><a href=\"http:\/\/cesf.cl\/sitio1\/2020\/aulaVirtual\/3basico\/mayo\/Gui\u0301a%201%20Unidad%201%20Historia%203\u00b0%20Ba\u0301sico.pdf\"><span style=\"color: #ff6600;\"><strong>Gu\u00eda1Historia<\/strong><\/span><\/a><\/p>\n<p><a href=\"http:\/\/cesf.cl\/sitio1\/2020\/aulaVirtual\/3basico\/mayo\/Gui\u0301a%20de%20Artes%20Visuales%20n\u00b01%20.pdf\"><span style=\"color: #ff6600;\"><strong>Gu\u00eda1ArtVisuales<\/strong><\/span><\/a><\/p>\n<p><a href=\"http:\/\/cesf.cl\/sitio1\/2020\/aulaVirtual\/3basico\/mayo\/Gui\u0301a%20de%20Autoaprendizaje%201%20%203\u00b0%20ba\u0301sico%20Matema\u0301tica%20.pdf\"><span style=\"color: #ff6600;\"><strong>Gu\u00eda1Matem\u00e1ticas<\/strong><\/span><\/a><\/p>\n<p><span style=\"color: #ff6600;\"><strong><a style=\"color: #ff6600;\" href=\"http:\/\/cesf.cl\/sitio1\/2020\/aulaVirtual\/3basico\/mayo\/Gui\u0301a%20n\u00b0%201%20Ciencias%20Naturales%20Unidad%201%20.pdf\">Gu\u00eda1CNaturales<\/a><\/strong><\/span><\/p>\n<p><span style=\"color: #ff6600;\"><strong><a style=\"color: #ff6600;\" href=\"http:\/\/cesf.cl\/sitio1\/2020\/aulaVirtual\/3basico\/mayo\/Gui\u0301a%20n\u00b0%201%20de%20Tecnologi\u0301a%20.pdf\">Gu\u00eda1Tecnolog\u00eda<\/a><\/strong><\/span><\/p>\n<p>&nbsp;<\/td>\n<td style=\"width: 12.5%; height: 373px;\"><\/td>\n<\/tr>\n<\/tbody>\n<\/table>\n<table style=\"border-collapse: collapse; width: 100%;\" border=\"1\">\n<tbody>\n<tr>\n<td style=\"width: 25%; background-color: #e3a112; text-align: center;\" colspan=\"4\"><span style=\"color: #000000;\"><strong>Libros de Lectura<\/strong><\/span><\/td>\n<\/tr>\n<tr>\n<td style=\"width: 25%; background-color: #83daf2;\"><strong><span style=\"color: #000000;\">1\u00baB\u00e1sico<\/span><\/strong><\/td>\n<td style=\"width: 25%; background-color: #83daf2;\"><strong><span style=\"color: #000000;\">2\u00baB\u00e1sico<\/span><\/strong><\/td>\n<td style=\"width: 25%; background-color: #83daf2;\"><strong><span style=\"color: #000000;\">3\u00baB\u00e1sico<\/span><\/strong><\/td>\n<td style=\"width: 25%; background-color: #83daf2;\"><strong><span style=\"color: #000000;\">4\u00baB\u00e1sico<\/span><\/strong><\/td>\n<\/tr>\n<tr>\n<td style=\"width: 25%;\"><span style=\"color: #ff6600;\"><strong><a style=\"color: #ff6600;\" href=\"http:\/\/cesf.cl\/sitio1\/2020\/aulaVirtual\/1basico\/mayo\/DSC_0708.JPG\">publicacion<\/a><\/strong><\/span><\/td>\n<td style=\"width: 25%;\"><\/td>\n<td style=\"width: 25%;\"><span style=\"color: #ff6600;\"><strong><a style=\"color: #ff6600;\" href=\"http:\/\/cesf.cl\/sitio1\/2020\/aulaVirtual\/3basico\/mayo\/La%20cama%20magica%20de%20Bartolo%203\u00b0%20Ba\u0301sico%20Lectura%20Complementaria%20Abril.pdf\">La Cama M\u00e1gica<\/a><\/strong><\/span><\/td>\n<td style=\"width: 25%;\"><\/td>\n<\/tr>\n<\/tbody>\n<\/table>\n<table style=\"border-collapse: collapse; width: 100%;\" border=\"1\">\n<tbody>\n<tr>\n<td style=\"width: 50%; background-color: #e3a112; text-align: center;\" colspan=\"4\"><strong><span style=\"color: #000000;\">Gu\u00edas de Estudio<\/span><\/strong><\/td>\n<\/tr>\n<tr>\n<td style=\"width: 12.5%; background-color: #83daf2;\"><span style=\"color: #000000;\"><strong>5\u00baB\u00e1sico<\/strong><\/span><\/td>\n<td style=\"width: 12.5%; background-color: #83daf2;\"><span style=\"color: #000000;\"><strong>6\u00baB\u00e1sico<\/strong><\/span><\/td>\n<td style=\"width: 12.5%; background-color: #83daf2;\"><span style=\"color: #000000;\"><strong>7\u00baB\u00e1sico<\/strong><\/span><\/td>\n<td style=\"width: 12.5%; background-color: #83daf2;\"><strong><span style=\"color: #000000;\">8\u00baB\u00e1sico<\/span><\/strong><\/td>\n<\/tr>\n<tr>\n<td style=\"width: 12.5%;\"><a href=\"http:\/\/cesf.cl\/sitio1\/2020\/aulaVirtual\/5basico\/mayo\/Gui\u0301a%20de%20autoaprendizaje%20N\u00b0%202%20,5to%20ba\u0301sico..pdf\"><span style=\"color: #ff6600;\"><strong>Gu\u00eda2Matem\u00e1ticas<\/strong><\/span><\/a><\/td>\n<td style=\"width: 12.5%;\"><span style=\"color: #ff6600;\"><strong><a style=\"color: #ff6600;\" href=\"http:\/\/cesf.cl\/sitio1\/2020\/aulaVirtual\/6basico\/mayo\/Gui\u0301a%20de%20autoaprendizaje%20N\u00b0%202,6to%20ba\u0301sico.pdf\">Gu\u00eda2Matem\u00e1ticas<\/a><\/strong><\/span><\/td>\n<td style=\"width: 12.5%;\"><a href=\"http:\/\/cesf.cl\/sitio1\/2020\/aulaVirtual\/7basico\/mayo\/Gui\u0301a%20de%20autoaprendizaje%20N\u00b0%202%20,7mo%20ba\u0301sico.pdf\"><span style=\"color: #ff6600;\"><strong>Gu\u00eda2Matem\u00e1ticas<\/strong><\/span><\/a><\/td>\n<td style=\"width: 12.5%;\"><span style=\"color: #ff6600;\"><strong><a style=\"color: #ff6600;\" href=\"https:\/\/doc-0g-4s-apps-viewer.googleusercontent.com\/viewer\/secure\/pdf\/girdqvqnjgcco4jbd4ij26rqsb6a0l4p\/vht4klsliltp55ja0jdchdi2v3dc249t\/1588782825000\/drive\/06938525208531811686\/ACFrOgDlqQ3kaJNe_4AiTlO968xHGwcn1nwNbSg3jRFzc6c78r0XHTw9qm0JUjYT6gJo5oEUq8EuFuQCe71z2Jqih1n6BD7eMVMuluz8hmnKJv3_yxe04bp-Wu9_u1ZKjoD3XGWbGxVJMUvlXy53?print=true&amp;nonce=di4m29k305b5u&amp;user=06938525208531811686&amp;hash=bcrmv4jurokic9s93jtnira1lbsdbgh6\">Clase1Quimica<\/a><\/strong><\/span><\/td>\n<\/tr>\n<\/tbody>\n<\/table>\n<table style=\"border-collapse: collapse; width: 100%;\" border=\"1\">\n<tbody>\n<tr>\n<td style=\"width: 25%; background-color: #e3a112; text-align: center;\" colspan=\"4\"><span style=\"color: #000000;\"><strong>Libros de Lectura<\/strong><\/span><\/td>\n<\/tr>\n<tr>\n<td style=\"width: 25%; background-color: #83daf2;\"><strong><span style=\"color: #000000;\">5\u00baB\u00e1sico<\/span><\/strong><\/td>\n<td style=\"width: 25%; background-color: #83daf2;\"><strong><span style=\"color: #000000;\">6\u00baB\u00e1sico<\/span><\/strong><\/td>\n<td style=\"width: 25%; background-color: #83daf2;\"><strong><span style=\"color: #000000;\">7\u00baB\u00e1sico<\/span><\/strong><\/td>\n<td style=\"width: 25%; background-color: #83daf2;\"><strong><span style=\"color: #000000;\">8\u00baB\u00e1sico<\/span><\/strong><\/td>\n<\/tr>\n<tr>\n<td style=\"width: 25%;\">Proxima a publicar<\/td>\n<td style=\"width: 25%;\">Proxima a publicar<\/td>\n<td style=\"width: 25%;\">Proxima a publicar<\/td>\n<td style=\"width: 25%;\">Proxima a publicar<\/td>\n<\/tr>\n<\/tbody>\n<\/table>\n<h3><strong><span style=\"color: #000000;\">Ense\u00f1anza Media:<\/span><\/strong><\/h3>\n<table style=\"border-collapse: collapse; width: 100.712%; height: 245px;\" border=\"1\">\n<tbody>\n<tr>\n<td style=\"width: 50%; background-color: #e3a112; text-align: center;\" colspan=\"4\"><span style=\"color: #000000;\"><strong>Gu\u00edas de Estudio<\/strong><\/span><span style=\"color: #000000;\"><strong><br \/>\n<\/strong><\/span><\/td>\n<\/tr>\n<tr>\n<td style=\"width: 12.5%; background-color: #83daf2;\"><span style=\"color: #000000;\"><strong>1\u00ba Medio<\/strong><\/span><\/td>\n<td style=\"width: 12.5%; background-color: #83daf2;\"><span style=\"color: #000000;\"><strong>2\u00ba Medio<\/strong><\/span><\/td>\n<td style=\"width: 12.5%; background-color: #83daf2;\"><span style=\"color: #000000;\"><strong>3\u00ba Medio<\/strong><\/span><\/td>\n<td style=\"width: 12.5%; background-color: #83daf2;\"><span style=\"color: #000000;\"><strong>4\u00ba Medio<\/strong><\/span><\/td>\n<\/tr>\n<tr>\n<td style=\"width: 50%; background-color: #ffffff; text-align: center;\" colspan=\"4\"><span style=\"color: #ff0000;\"><strong>Mes de Mayo<\/strong><\/span><\/td>\n<\/tr>\n<tr>\n<td style=\"width: 12.5%;\">\n<p>&nbsp;<\/p>\n<p><span style=\"color: #ff6600;\"><strong><a style=\"color: #ff6600;\" href=\"http:\/\/cesf.cl\/sitio1\/2020\/aulaVirtual\/1medio\/mayo\/1%20medio%20GUO\u0308A%20DE%20TRABAJO%20UNIDAD%20I%202020.pdf\">Gu\u00eda1Lenguaje<\/a><\/strong><\/span><\/td>\n<td style=\"width: 12.5%;\"><a href=\"http:\/\/cesf.cl\/sitio1\/2020\/aulaVirtual\/2medio\/mayo\/GUO\u0308A%20DE%20AUTP%20UNIDAD%20I%20inicio%20IIu\u0328%20MEDIO%202020.pdf\"><span style=\"color: #ff6600;\"><strong>Gu\u00eda1Lenguaje<\/strong><\/span><\/a><\/td>\n<td style=\"width: 12.5%;\">\n<p>&nbsp;<\/p>\n<p>&nbsp;<\/td>\n<td style=\"width: 12.5%;\"><\/td>\n<\/tr>\n<tr>\n<td style=\"background-color: #2ecf06; width: 25%;\" colspan=\"2\"><span style=\"color: #000000;\"><strong>N\u00f3mina de Asignaturas Electivas por curso:<\/strong><\/span><\/td>\n<td style=\"width: 12.5%; background-color: #2ecf06;\"><a href=\"http:\/\/cesf.cl\/sitio1\/2020\/aulaVirtual\/3medio\/Electivos3Medio.pdf\"><strong><span style=\"color: #ff6600;\">3\u00ba Medio<\/span><\/strong><\/a><\/td>\n<td style=\"width: 12.5%; background-color: #2ecf06;\"><a href=\"http:\/\/cesf.cl\/sitio1\/2020\/aulaVirtual\/4medio\/Electivos4Medio.pdf\"><strong><span style=\"color: #ff6600;\">4\u00ba Medio<\/span><\/strong><\/a><\/td>\n<\/tr>\n<tr>\n<td style=\"background-color: #ffffff; width: 12.5%;\" colspan=\"2\"><strong><span style=\"color: #ff6600;\">\u00a0<\/span><\/strong><br \/>\n<strong><span style=\"color: #ff6600;\"><br \/>\n<\/span><\/strong><\/td>\n<td style=\"background-color: #ffffff; width: 12.5%;\">\n<p><a href=\"http:\/\/cesf.cl\/sitio1\/2020\/aulaVirtual\/3medio\/mayo\/Clase1_Elec.Comp.delPresente_3\u00b04\u00b0Med_AGodoy1_compress.pdf.pdf\"><strong><span style=\"color: #ff6600;\">\u00a0Clase1Historia<\/span><\/strong><\/a><\/p>\n<p><span style=\"color: #ff6600;\"><strong><a style=\"color: #ff6600;\" href=\"http:\/\/cesf.cl\/sitio1\/2020\/aulaVirtual\/3medio\/mayo\/Clase1_Elect.EcoySoc_3\u00b04\u00b0Medio_AGodoy1.pdf\">Clase1Econ.Soc.<\/a><\/strong><\/span><\/p>\n<p><a href=\"http:\/\/cesf.cl\/sitio1\/2020\/aulaVirtual\/3medio\/mayo\/Clase1_Ed.Ciudadana_3\u00b0Medio_AGodoy1_compressed.pdf\"><span style=\"color: #ff6600;\"><strong>Clase1EduCiudadana<\/strong><\/span><\/a><\/p>\n<p><span style=\"color: #ff6600;\"><strong><a style=\"color: #ff6600;\" href=\"http:\/\/cesf.cl\/sitio1\/2020\/aulaVirtual\/3medio\/mayo\/Gui\u0301a3_Elect.EcoySoc_3\u00b04\u00b0Medio_AGodoy_compressed.pdf\">Gu\u00eda3_EcoSoc<\/a><\/strong><\/span><\/td>\n<td style=\"background-color: #ffffff; width: 12.5%;\">\n<p><span style=\"color: #ff6600;\"><strong> <a style=\"color: #ff6600;\" href=\"http:\/\/cesf.cl\/sitio1\/2020\/aulaVirtual\/3medio\/mayo\/Clase1_Elec.Comp.delPresente_3\u00b04\u00b0Med_AGodoy1_compress.pdf.pdf\">\u00a0Clase1Historia<\/a><\/strong><\/span><\/p>\n<p><span style=\"color: #ff6600;\"><strong><a style=\"color: #ff6600;\" href=\"http:\/\/cesf.cl\/sitio1\/2020\/aulaVirtual\/3medio\/mayo\/Clase1_Elect.EcoySoc_3\u00b04\u00b0Medio_AGodoy1.pdf\">Clase1Econ.Soc.<\/a><\/strong><\/span><\/p>\n<p><span style=\"color: #ff6600;\"><strong><a style=\"color: #ff6600;\" href=\"http:\/\/cesf.cl\/sitio1\/2020\/aulaVirtual\/3medio\/mayo\/Gui\u0301a3_Elect.EcoySoc_3\u00b04\u00b0Medio_AGodoy_compressed.pdf\">Gu\u00eda3_EcoSoc<\/a><\/strong><\/span><\/td>\n<\/tr>\n<\/tbody>\n<\/table>\n<table style=\"border-collapse: collapse; width: 100%;\" border=\"1\">\n<tbody>\n<tr>\n<td style=\"width: 25%; background-color: #e3a112; text-align: center;\" colspan=\"4\"><span style=\"color: #000000;\"><strong>Libros de Lectura<\/strong><\/span><\/td>\n<\/tr>\n<tr>\n<td style=\"width: 25%; background-color: #83daf2;\"><strong><span style=\"color: #000000;\">1\u00baMedio<\/span><\/strong><\/td>\n<td style=\"width: 25%; background-color: #83daf2;\"><strong><span style=\"color: #000000;\">2\u00baMedio<\/span><\/strong><\/td>\n<td style=\"width: 25%; background-color: #83daf2;\"><strong><span style=\"color: #000000;\">3\u00baMedio<\/span><\/strong><\/td>\n<td style=\"width: 25%; background-color: #83daf2;\"><strong><span style=\"color: #000000;\">4\u00baMedio<\/span><\/strong><\/td>\n<\/tr>\n<tr>\n<td style=\"width: 25%;\"><\/td>\n<td style=\"width: 25%;\"><\/td>\n<td style=\"width: 25%;\"><\/td>\n<td style=\"width: 25%;\"><\/td>\n<\/tr>\n<\/tbody>\n<\/table>\n<p><span style=\"color: #ff6600;\"><strong>Es importante la supervisi\u00f3n de los padres en el h\u00e1bito y buenas practicas de sus hijos en la disciplina del aprendizaje; todos somos participes de la formaci\u00f3n de nuestros hijos.<\/strong><\/span><\/p>\n<h3><strong>Centro Educacional San Fernando<\/strong><\/h3>\n","protected":false},"excerpt":{"rendered":"<p>Material Primera Etapa Marzo Material Segunda Etapa Abril Clases Mayo clases Junio clases julio clases agosto clases SEPTIEMBRE CLASES OCTUBRE Clases Noviembre clases Diciembre\u00a0 MATERIAL DE ESTUDIO SEGUNDA ETAPA P\u00e1rvulos: Gu\u00edas de Estudio Pre-Kinder kinder Proxima a publicar Pr\u00f3ximo a Publicar Ense\u00f1anza B\u00e1sica: Gu\u00edas de Estudio 1\u00baB\u00e1sico 2\u00baB\u00e1sico 3\u00baB\u00e1sico 4\u00baB\u00e1sico Mes de Mayo Gui\u0301a1_ArtVis_HMorales Gui\u0301a1_CsNat_HMorales&hellip;<\/p>\n","protected":false},"author":1,"featured_media":0,"parent":0,"menu_order":0,"comment_status":"closed","ping_status":"closed","template":"","meta":{"footnotes":""},"class_list":["post-3059","page","type-page","status-publish","hentry"],"_links":{"self":[{"href":"https:\/\/cesf.cl\/sitio1\/wp-json\/wp\/v2\/pages\/3059","targetHints":{"allow":["GET"]}}],"collection":[{"href":"https:\/\/cesf.cl\/sitio1\/wp-json\/wp\/v2\/pages"}],"about":[{"href":"https:\/\/cesf.cl\/sitio1\/wp-json\/wp\/v2\/types\/page"}],"author":[{"embeddable":true,"href":"https:\/\/cesf.cl\/sitio1\/wp-json\/wp\/v2\/users\/1"}],"replies":[{"embeddable":true,"href":"https:\/\/cesf.cl\/sitio1\/wp-json\/wp\/v2\/comments?post=3059"}],"version-history":[{"count":44,"href":"https:\/\/cesf.cl\/sitio1\/wp-json\/wp\/v2\/pages\/3059\/revisions"}],"predecessor-version":[{"id":4595,"href":"https:\/\/cesf.cl\/sitio1\/wp-json\/wp\/v2\/pages\/3059\/revisions\/4595"}],"wp:attachment":[{"href":"https:\/\/cesf.cl\/sitio1\/wp-json\/wp\/v2\/media?parent=3059"}],"curies":[{"name":"wp","href":"https:\/\/api.w.org\/{rel}","templated":true}]}}