{"id":266,"date":"2012-12-10T15:12:58","date_gmt":"2012-12-10T15:12:58","guid":{"rendered":"http:\/\/cesf.cl\/wordpress\/?page_id=266"},"modified":"2012-12-10T15:12:58","modified_gmt":"2012-12-10T15:12:58","slug":"historia","status":"publish","type":"page","link":"https:\/\/cesf.cl\/sitio1\/historia\/","title":{"rendered":"Historia"},"content":{"rendered":"<p>El Colegio San Fernando, nace el a\u00f1o 1996. Y surge como un sue\u00f1o profesional de la Sra. Mar\u00eda Isabel Guzm\u00e1n Farf\u00e1n, quien ve en la formaci\u00f3n de un colegio, la \u00faltima etapa de su desarrollo profesional. Despu\u00e9s de haber sido Educadora de P\u00e1rvulos, Profesora de Educaci\u00f3n General B\u00e1sica, Jefa de Unidad T\u00e9cnico Pedag\u00f3gica y Directora. El colegio debe su nombre a Don Fernando Guzm\u00e1n Canales, padre de la Sra. Mar\u00eda Isabel.<br \/>\nA lo largo de sus de 19 a\u00f1os de vida, sus aulas y patios han cobijado las esperanzas e ilusiones de una serie de generaciones de alumnos y sus padres, as\u00ed como docentes, quienes han confiado en un proyecto orientado a otorgar oportunidades de desarrollo a familias de clase media y que ven en la educaci\u00f3n un factor para mejorar la calidad de sus vidas e incrementar las oportunidades.<br \/>\nDesde su primer director Don Nibaldo Ortega, siguiendo por la Se\u00f1ora Violeta Galleguillos, y actualmente Don V\u00edctor Whittaker, han continuado la l\u00ednea iniciada por la Se\u00f1ora Mar\u00eda Isabel Guzm\u00e1n Farf\u00e1n, se ha mantenido en el tiempo, quien continua participando de manera activa en las distintas actividades que el establecimiento ofrece.<\/p>\n","protected":false},"excerpt":{"rendered":"<p>El Colegio San Fernando, nace el a\u00f1o 1996. Y surge como un sue\u00f1o profesional de la Sra. Mar\u00eda Isabel Guzm\u00e1n Farf\u00e1n, quien ve en la formaci\u00f3n de un colegio, la \u00faltima etapa de su desarrollo profesional. Despu\u00e9s de haber sido Educadora de P\u00e1rvulos, Profesora de Educaci\u00f3n General B\u00e1sica, Jefa de Unidad T\u00e9cnico Pedag\u00f3gica y Directora.&hellip;<\/p>\n","protected":false},"author":1,"featured_media":0,"parent":0,"menu_order":0,"comment_status":"open","ping_status":"open","template":"","meta":{"footnotes":""},"class_list":["post-266","page","type-page","status-publish","hentry"],"_links":{"self":[{"href":"https:\/\/cesf.cl\/sitio1\/wp-json\/wp\/v2\/pages\/266","targetHints":{"allow":["GET"]}}],"collection":[{"href":"https:\/\/cesf.cl\/sitio1\/wp-json\/wp\/v2\/pages"}],"about":[{"href":"https:\/\/cesf.cl\/sitio1\/wp-json\/wp\/v2\/types\/page"}],"author":[{"embeddable":true,"href":"https:\/\/cesf.cl\/sitio1\/wp-json\/wp\/v2\/users\/1"}],"replies":[{"embeddable":true,"href":"https:\/\/cesf.cl\/sitio1\/wp-json\/wp\/v2\/comments?post=266"}],"version-history":[{"count":0,"href":"https:\/\/cesf.cl\/sitio1\/wp-json\/wp\/v2\/pages\/266\/revisions"}],"wp:attachment":[{"href":"https:\/\/cesf.cl\/sitio1\/wp-json\/wp\/v2\/media?parent=266"}],"curies":[{"name":"wp","href":"https:\/\/api.w.org\/{rel}","templated":true}]}}