{"id":18,"date":"2012-11-05T22:49:40","date_gmt":"2012-11-05T22:49:40","guid":{"rendered":"http:\/\/cesf.cl\/wordpress\/?page_id=18"},"modified":"2012-11-05T22:49:40","modified_gmt":"2012-11-05T22:49:40","slug":"vision","status":"publish","type":"page","link":"https:\/\/cesf.cl\/sitio1\/quienes-somos\/vision\/","title":{"rendered":"Visi\u00f3n"},"content":{"rendered":"<p>Buscar desarrollar y fomentar en nuestros alumnos habilidades sociales, \u00e9ticas, val\u00f3ricas y cognitivas, que les permitan integrarse a una sociedad democr\u00e1tica de constantes cambios, donde la autonom\u00eda, tolerancia y respeto por el otro, sean el pilar para su participaci\u00f3n ciudadana..<\/p>\n<p>&nbsp;<\/p>\n","protected":false},"excerpt":{"rendered":"<p>Buscar desarrollar y fomentar en nuestros alumnos habilidades sociales, \u00e9ticas, val\u00f3ricas y cognitivas, que les permitan integrarse a una sociedad democr\u00e1tica de constantes cambios, donde la autonom\u00eda, tolerancia y respeto por el otro, sean el pilar para su participaci\u00f3n ciudadana.. &nbsp;<\/p>\n","protected":false},"author":1,"featured_media":0,"parent":1387,"menu_order":0,"comment_status":"open","ping_status":"open","template":"","meta":{"footnotes":""},"class_list":["post-18","page","type-page","status-publish","hentry"],"_links":{"self":[{"href":"https:\/\/cesf.cl\/sitio1\/wp-json\/wp\/v2\/pages\/18","targetHints":{"allow":["GET"]}}],"collection":[{"href":"https:\/\/cesf.cl\/sitio1\/wp-json\/wp\/v2\/pages"}],"about":[{"href":"https:\/\/cesf.cl\/sitio1\/wp-json\/wp\/v2\/types\/page"}],"author":[{"embeddable":true,"href":"https:\/\/cesf.cl\/sitio1\/wp-json\/wp\/v2\/users\/1"}],"replies":[{"embeddable":true,"href":"https:\/\/cesf.cl\/sitio1\/wp-json\/wp\/v2\/comments?post=18"}],"version-history":[{"count":0,"href":"https:\/\/cesf.cl\/sitio1\/wp-json\/wp\/v2\/pages\/18\/revisions"}],"up":[{"embeddable":true,"href":"https:\/\/cesf.cl\/sitio1\/wp-json\/wp\/v2\/pages\/1387"}],"wp:attachment":[{"href":"https:\/\/cesf.cl\/sitio1\/wp-json\/wp\/v2\/media?parent=18"}],"curies":[{"name":"wp","href":"https:\/\/api.w.org\/{rel}","templated":true}]}}