{"id":1387,"date":"2012-11-05T22:45:05","date_gmt":"2012-11-05T22:45:05","guid":{"rendered":"http:\/\/cesf.cl\/wordpress\/?page_id=5"},"modified":"2012-11-05T22:45:05","modified_gmt":"2012-11-05T22:45:05","slug":"quienes-somos","status":"publish","type":"page","link":"https:\/\/cesf.cl\/sitio1\/quienes-somos\/","title":{"rendered":"Quienes somos"},"content":{"rendered":"<p>EL Colegio San Fernando es de tipo Particular Subvencionado con financiamiento compartido, se ubica en Calle Las Achiras 420, en la Poblaci\u00f3n Vicente P\u00e9rez Rosales, de la comuna de Puente Alto. En el a\u00f1o 2004 se convierte en el Centro Educacional San Fernando.<br \/>\nDesde sus inicios en 1996, nuestro colegio ha ido creciendo paulatinamente, el a\u00f1o 2002 se da origen a la incorporaci\u00f3n del prekinder, dos a\u00f1os m\u00e1s tarde se imparte la educaci\u00f3n de adultos vespertino, la que responde a las necesidades de nuestros apoderados que buscaban un lugar donde poder terminar sus estudios y de esa forma ayudar a sus hijos en tareas, actividades y a la vez mejorar sus expectativas laborales. Hasta que el a\u00f1o 2008 se inicia la educaci\u00f3n media de j\u00f3venes, que dar\u00e1 continuidad a la educaci\u00f3n de nuestros alumnos. Hoy nuestro establecimiento abarca todos los niveles de educaci\u00f3n.<br \/>\nNuestros alumnos se destacan por su formaci\u00f3n val\u00f3rica y acad\u00e9mica, que les permite el ingreso a otros establecimientos a nivel nacional, como lo son: el Liceo Lastarria, Liceo Carmela Carvajal, Liceo Siete de Ni\u00f1as, Instituto Nacional, Liceo nro.1 de Ni\u00f1as, y en nuestra comuna Escuela Matte Mes\u00edas, Compa\u00f1\u00eda de Mar\u00eda y otros, as\u00ed como en la participaci\u00f3n activa del programa Penta UC. Tambi\u00e9n es necesario destacar el ingreso a la Educaci\u00f3n Superior e Institutos Profesionales de los alumnos que estudian en el sistema vespertino.<\/p>\n<p>A partir del a\u00f1o 2011 el establecimiento asume la Jornada Escolar Completa, como parte de un desaf\u00edo que busca seguir colaborando con la educaci\u00f3n Integral de nuestros alumnos.<br \/>\nActualmente, tenemos una matr\u00edcula de 382 en jornada diurna, de ellos hay 46 en Educaci\u00f3n Parvularia, 226 en Ed. B\u00e1sica, 110 en Educaci\u00f3n Media y una cantidad similar en Educaci\u00f3n para Adultos en jornada Vespertina.<br \/>\nLas dependencias de nuestro establecimiento se encuentran en una superficie de 2000 Metros cuadrados de terreno, de los cuales contamos con 1200 Metros construidos, en los que disponemos de 14 salas de clases de uso exclusivo para cada curso,, Salas y dependencias especiales para nivel Preescolar, Laboratorio de Computaci\u00f3n, Laboratorio de Ciencias, Biblioteca y Centro de Recursos de aprendizaje, sala de Taller Multiuso, Comedor, Enfermer\u00eda, Sala de profesores, Bodegas, dependencias adecuadas para el \u00e1rea de administraci\u00f3n. El cuerpo docente es de 28 profesores y personal no docente es de 14 Personas.<\/p>\n","protected":false},"excerpt":{"rendered":"<p>EL Colegio San Fernando es de tipo Particular Subvencionado con financiamiento compartido, se ubica en Calle Las Achiras 420, en la Poblaci\u00f3n Vicente P\u00e9rez Rosales, de la comuna de Puente Alto. En el a\u00f1o 2004 se convierte en el Centro Educacional San Fernando. Desde sus inicios en 1996, nuestro colegio ha ido creciendo paulatinamente, el&hellip;<\/p>\n","protected":false},"author":1,"featured_media":0,"parent":0,"menu_order":0,"comment_status":"open","ping_status":"open","template":"","meta":{"footnotes":""},"class_list":["post-1387","page","type-page","status-publish","hentry"],"_links":{"self":[{"href":"https:\/\/cesf.cl\/sitio1\/wp-json\/wp\/v2\/pages\/1387","targetHints":{"allow":["GET"]}}],"collection":[{"href":"https:\/\/cesf.cl\/sitio1\/wp-json\/wp\/v2\/pages"}],"about":[{"href":"https:\/\/cesf.cl\/sitio1\/wp-json\/wp\/v2\/types\/page"}],"author":[{"embeddable":true,"href":"https:\/\/cesf.cl\/sitio1\/wp-json\/wp\/v2\/users\/1"}],"replies":[{"embeddable":true,"href":"https:\/\/cesf.cl\/sitio1\/wp-json\/wp\/v2\/comments?post=1387"}],"version-history":[{"count":0,"href":"https:\/\/cesf.cl\/sitio1\/wp-json\/wp\/v2\/pages\/1387\/revisions"}],"wp:attachment":[{"href":"https:\/\/cesf.cl\/sitio1\/wp-json\/wp\/v2\/media?parent=1387"}],"curies":[{"name":"wp","href":"https:\/\/api.w.org\/{rel}","templated":true}]}}