{"id":1109,"date":"2015-05-28T19:31:55","date_gmt":"2015-05-28T19:31:55","guid":{"rendered":"http:\/\/cesf.cl\/wordpress\/?page_id=1109"},"modified":"2018-03-05T22:34:33","modified_gmt":"2018-03-05T22:34:33","slug":"filosofia","status":"publish","type":"page","link":"https:\/\/cesf.cl\/sitio1\/filosofia\/","title":{"rendered":"Filosof\u00eda"},"content":{"rendered":"<p>El Centro Educacional San Fernando, es un establecimiento joven pero con fuertes fundamentos val\u00f3ricos y acad\u00e9micos, que lo enmarcan como una instituci\u00f3n humanista, y laica con orientaci\u00f3n cristiana.<\/p>\n<p>Humanista, porque creemos en el hombre como una persona capaz de perfeccionarse, promoviendo el desarrollo de habilidades sociales, \u00e9ticas, val\u00f3ricas y cognitivas. Estamos convencidos que la verdadera educaci\u00f3n es aquella que nos prepara para ser un aporte en una sociedad democr\u00e1tica de constantes cambios.<br \/>\nLaico con orientaci\u00f3n Cristiana, porque concebimos la educaci\u00f3n como un medio para desarrollar en las personas, las facultades, habilidades, aptitudes y dones, de modo que pueda perfeccionarlas y descubrir su vocaci\u00f3n personal, social y espiritual. Deseamos personas integrales en lo cognitivo y en lo espiritual, de manera que sean personas felices, integradas a la sociedad y contribuyendo a la mejora constante.<\/p>\n<p>Entendemos la educaci\u00f3n, como un proceso social necesario y permanente, cuyo fin es el desarrollo arm\u00f3nico e integral de la persona.<br \/>\nNuestro colegio pretende entregar a los alumnos y alumnas, condiciones para que cada uno, por s\u00ed, y a su propio ritmo, logre desarrollar sus potencialidades, su desarrollo integral, estimular su desarrollo f\u00edsico, val\u00f3rico, social, intelectual y cultural, considerando los intereses, aptitudes y sus propias necesidades, teniendo como meta, un ideal de vida, que haga que sus acciones sean concordantes con ella. Deseamos ser part\u00edcipes de la formaci\u00f3n de personas libre, que busquen y trabajen por la verdad, usando siempre el racionamiento l\u00f3gico como canal de resoluci\u00f3n de conflictos y el uso de la conciencia de manera cr\u00edtica.<\/p>\n<p>Somos plenamente conscientes de los cambios acelerados de la sociedad, por lo tanto, nuestros principios son transversales y buscan el desarrollo de atributos personales que hagan de nuestros estudiantes, un verdadero aporte al desarrollo de nuestro pa\u00eds y sociedad.<\/p>\n","protected":false},"excerpt":{"rendered":"<p>El Centro Educacional San Fernando, es un establecimiento joven pero con fuertes fundamentos val\u00f3ricos y acad\u00e9micos, que lo enmarcan como una instituci\u00f3n humanista, y laica con orientaci\u00f3n cristiana. Humanista, porque creemos en el hombre como una persona capaz de perfeccionarse, promoviendo el desarrollo de habilidades sociales, \u00e9ticas, val\u00f3ricas y cognitivas. Estamos convencidos que la verdadera&hellip;<\/p>\n","protected":false},"author":1,"featured_media":0,"parent":0,"menu_order":0,"comment_status":"closed","ping_status":"closed","template":"","meta":{"footnotes":""},"class_list":["post-1109","page","type-page","status-publish","hentry"],"_links":{"self":[{"href":"https:\/\/cesf.cl\/sitio1\/wp-json\/wp\/v2\/pages\/1109","targetHints":{"allow":["GET"]}}],"collection":[{"href":"https:\/\/cesf.cl\/sitio1\/wp-json\/wp\/v2\/pages"}],"about":[{"href":"https:\/\/cesf.cl\/sitio1\/wp-json\/wp\/v2\/types\/page"}],"author":[{"embeddable":true,"href":"https:\/\/cesf.cl\/sitio1\/wp-json\/wp\/v2\/users\/1"}],"replies":[{"embeddable":true,"href":"https:\/\/cesf.cl\/sitio1\/wp-json\/wp\/v2\/comments?post=1109"}],"version-history":[{"count":1,"href":"https:\/\/cesf.cl\/sitio1\/wp-json\/wp\/v2\/pages\/1109\/revisions"}],"predecessor-version":[{"id":1827,"href":"https:\/\/cesf.cl\/sitio1\/wp-json\/wp\/v2\/pages\/1109\/revisions\/1827"}],"wp:attachment":[{"href":"https:\/\/cesf.cl\/sitio1\/wp-json\/wp\/v2\/media?parent=1109"}],"curies":[{"name":"wp","href":"https:\/\/api.w.org\/{rel}","templated":true}]}}